{"id":12372,"date":"2024-08-16T09:55:09","date_gmt":"2024-08-16T07:55:09","guid":{"rendered":"https:\/\/krd-ig.com.pl\/management\/"},"modified":"2026-01-12T15:39:18","modified_gmt":"2026-01-12T14:39:18","slug":"management","status":"publish","type":"page","link":"https:\/\/krd-ig.com.pl\/en\/management\/","title":{"rendered":"MANAGEMENT"},"content":{"rendered":"<p>[et_pb_section fb_built=&#8221;1&#8243; module_class=&#8221;flex-align-center&#8221; _builder_version=&#8221;4.27.0&#8243; _module_preset=&#8221;default&#8221; use_background_color_gradient=&#8221;on&#8221; background_color_gradient_direction=&#8221;90deg&#8221; background_color_gradient_stops=&#8221;rgba(24,24,24,0.25) 0%|rgba(0,0,0,0) 100%&#8221; background_image=&#8221;https:\/\/krd-ig.com.pl\/wp-content\/uploads\/2024\/08\/ZarzadImage.webp&#8221; background_blend=&#8221;multiply&#8221; width=&#8221;95%&#8221; max_width=&#8221;100%&#8221; module_alignment=&#8221;center&#8221; height=&#8221;80vh&#8221; border_radii=&#8221;on|20px|20px|20px|20px&#8221; global_colors_info=&#8221;{}&#8221;][et_pb_row _builder_version=&#8221;4.27.0&#8243; _module_preset=&#8221;default&#8221; width=&#8221;85%&#8221; max_width=&#8221;100%&#8221; global_colors_info=&#8221;{}&#8221;][et_pb_column type=&#8221;4_4&#8243; _builder_version=&#8221;4.17.4&#8243; _module_preset=&#8221;default&#8221; global_colors_info=&#8221;{}&#8221;][et_pb_text _builder_version=&#8221;4.27.0&#8243; _module_preset=&#8221;default&#8221; text_font=&#8221;OutfitVariableFont||||||||&#8221; header_font=&#8221;OutfitVariableFont|||on|||||&#8221; header_text_color=&#8221;#FFFFFF&#8221; header_font_size=&#8221;5rem&#8221; header_line_height=&#8221;1.2em&#8221; custom_margin=&#8221;||0px||false|false&#8221; header_font_size_tablet=&#8221;4rem&#8221; header_font_size_phone=&#8221;2rem&#8221; header_font_size_last_edited=&#8221;on|phone&#8221; global_colors_info=&#8221;{}&#8221;]<\/p>\n<h1>MANAGEMENT<\/h1>\n<p>[\/et_pb_text][et_pb_text _builder_version=&#8221;4.27.0&#8243; _module_preset=&#8221;default&#8221; header_2_font=&#8221;OutfitVariableFont|||on|||||&#8221; header_2_text_align=&#8221;left&#8221; header_2_text_color=&#8221;#FFFFFF&#8221; header_2_font_size=&#8221;2rem&#8221; custom_margin=&#8221;||10px||false|false&#8221; header_2_font_size_tablet=&#8221;3rem&#8221; header_2_font_size_phone=&#8221;2rem&#8221; header_2_font_size_last_edited=&#8221;on|desktop&#8221; global_colors_info=&#8221;{}&#8221;]<\/p>\n<h2>Management Members of National Poultry Council \u2013 Chamber of Commerce<\/h2>\n<p>[\/et_pb_text][et_pb_text _builder_version=&#8221;4.27.5&#8243; _module_preset=&#8221;default&#8221; text_font=&#8221;OutfitVariableFont|300|||||||&#8221; text_text_color=&#8221;#FFFFFF&#8221; text_font_size=&#8221;1rem&#8221; text_line_height=&#8221;1.6em&#8221; header_3_font=&#8221;OutfitVariableFont||||||||&#8221; header_3_text_color=&#8221;#FFFFFF&#8221; header_3_font_size=&#8221;1.5rem&#8221; text_orientation=&#8221;justified&#8221; hover_enabled=&#8221;0&#8243; text_orientation_tablet=&#8221;justified&#8221; text_orientation_phone=&#8221;left&#8221; text_orientation_last_edited=&#8221;on|phone&#8221; global_colors_info=&#8221;{}&#8221; sticky_enabled=&#8221;0&#8243;]<\/p>\n<h3>Dariusz Goszczy\u0144ski \u2013 President of the Management Board National Poultry Council \u2013 Chamber of Commerce<\/h3>\n<h3>Adam Sojka \u2013 Vicepresident of the Management Board<\/h3>\n<h3>Tomasz Szulc \u2013 Vicepresident of the Management Board<\/h3>\n<p>[\/et_pb_text][\/et_pb_column][\/et_pb_row][\/et_pb_section][et_pb_section fb_built=&#8221;1&#8243; _builder_version=&#8221;4.27.0&#8243; _module_preset=&#8221;default&#8221; background_color=&#8221;RGBA(255,255,255,0)&#8221; custom_padding=&#8221;||0px||false|false&#8221; global_colors_info=&#8221;{}&#8221;][et_pb_row use_custom_gutter=&#8221;on&#8221; module_class=&#8221;flex-align-center&#8221; _builder_version=&#8221;4.27.0&#8243; _module_preset=&#8221;default&#8221; width=&#8221;85%&#8221; max_width=&#8221;100%&#8221; global_colors_info=&#8221;{}&#8221;][et_pb_column type=&#8221;4_4&#8243; _builder_version=&#8221;4.27.0&#8243; _module_preset=&#8221;default&#8221; global_colors_info=&#8221;{}&#8221;][et_pb_text _builder_version=&#8221;4.27.0&#8243; _module_preset=&#8221;default&#8221; header_2_font=&#8221;OutfitVariableFont|||on|||||&#8221; header_2_text_align=&#8221;left&#8221; header_2_text_color=&#8221;#181818&#8243; header_2_font_size=&#8221;3rem&#8221; custom_margin=&#8221;||10px||false|false&#8221; header_2_font_size_tablet=&#8221;3rem&#8221; header_2_font_size_phone=&#8221;2rem&#8221; header_2_font_size_last_edited=&#8221;on|desktop&#8221; global_colors_info=&#8221;{}&#8221;]<\/p>\n<h2>Council of the National Poultry Council \u2013 Chamber of Commerce<\/h2>\n<p>[\/et_pb_text][et_pb_text _builder_version=&#8221;4.27.4&#8243; _module_preset=&#8221;default&#8221; text_font=&#8221;OutfitVariableFont|300|||||||&#8221; text_text_color=&#8221;#181818&#8243; text_font_size=&#8221;1rem&#8221; text_line_height=&#8221;1.6em&#8221; text_orientation=&#8221;justified&#8221; custom_margin=&#8221;||10px||false|false&#8221; global_colors_info=&#8221;{}&#8221;]<\/p>\n<p>&nbsp;<\/p>\n<table>\n<tbody>\n<tr>\n<td>Name, surname and function<\/td>\n<td>Enterprise<\/td>\n<td>Contact details<\/td>\n<\/tr>\n<tr>\n<td><strong>W\u0142adys\u0142aw Piasecki<\/strong><br \/>Chairman of the Chamber Council<\/td>\n<td><strong>President of the Management Board \u201eBOMADEK\u201d Sp. z o. o.<br \/><\/strong>ul. S\u0142oneczna 16<br \/>66-132 Trzebiech\u00f3w<\/td>\n<td>tel. (68) 351-41-29<br \/><a href=\"mailto:sekretariat@bomadek.pl\">sekretariat@bomadek.pl<\/a><\/td>\n<\/tr>\n<tr>\n<td><strong>Marek Zag\u00f3rski<\/strong><br \/>Vice Chairman of the Chamber Council<\/td>\n<td><strong>Wipasz S.A.<\/strong><br \/>Fort Pi\u0142sudskiego 32<br \/>02-704 Warszawa<\/td>\n<td>tel. 887-071-217<br \/>info@wipasz.pl<\/td>\n<\/tr>\n<tr>\n<td><strong>Piotr Kulikowski<\/strong><br \/>Vice President of the Board<strong><br \/><\/strong>Member of the Chamber Council<\/td>\n<td><strong>President of the Management Board \u201eINDYKPOL\u201d S.A.<\/strong><br \/>ul. Jesienna 3<br \/>10-370 Olsztyn<\/td>\n<td>tel. (89) 526-22-00<br \/><a href=\"mailto:sekretariat@indykpol.pl\">sekretariat@indykpol.pl<\/a><\/td>\n<\/tr>\n<tr>\n<td><strong>Adam Sojka<\/strong><br \/>Vice President of the Board<strong><br \/><\/strong>Member of the Chamber Council<\/td>\n<td><strong>President of the Management Board of Grupa Drosed \u201cDrosed\u201d S.A.<br \/><\/strong>ul. Soko\u0142owka 154<br \/>08-110 Siedlce<\/td>\n<td>tel. (25) 640-00-00<br \/><a href=\"mailto:sekretariat@drosed.com.pl\">sekretariat@drosed.com.pl<\/a><\/td>\n<\/tr>\n<tr>\n<td><strong>Krystyna Karkoszka<br \/><\/strong>Member of the Chamber Council<\/td>\n<td><strong>President of the Management Board of OVOPOL sp. z o.o. <\/strong><br \/>ul. Wojska Polskiego 39<br \/>67-100 Nowa S\u00f3l<\/td>\n<td>tel. (68) 387-32-51<br \/><a href=\"mailto:ovopol@ovopol.pl\">ovopol@ovopol.pl<\/a><\/td>\n<\/tr>\n<tr>\n<td><strong>\u0141ukasz Dominiak<br \/><\/strong>Member of the Chamber Council<\/td>\n<td><strong>Director of Public and Government Relations<br \/>ANIMEX Foods Sp. z o.o. sp.k. <\/strong><br \/>ul. Cha\u0142ubi\u0144skiego 8<br \/>00-613 Warszawa<\/td>\n<td>tel. (22) 334-59-00<br \/><a href=\"mailto:ilawa.sekretariat@animex.pl\">pr@animex.pl<\/a><\/td>\n<\/tr>\n<tr>\n<td><strong>Jacek Urbaniak<br \/><\/strong>Member of the Chamber Council<\/td>\n<td><strong>IKO Kompania Drobiarska Sp. z o.o.,<br \/><\/strong>Augustowo 26,<br \/>64-050 Wielichowo<\/td>\n<td>Secretariat:<br \/>tel. (61) 811-16-42<br \/>jurbaniak@poultry.pl<\/td>\n<\/tr>\n<tr>\n<td><strong>Ewa Pstr\u0105gowska \u2013 Niesiob\u0119dzka<br \/><\/strong>Member of the Chamber Council<\/td>\n<td><strong>President of the Management Board of P.P.U.H. \u201ePROSPER\u201d Sp. z o.o. <\/strong><br \/>ul. Warmi\u0144ska 14<br \/>14-105 \u0141ukta, woj. warmi\u0144sko- mazurskie<\/td>\n<td>tel. (89) 647-50-35<br \/><a href=\"mailto:prosper@prosper.biz.pl\">prosper@prosper.biz.pl<\/a><\/td>\n<\/tr>\n<tr>\n<td><strong>W\u0142odzimierz Olszewski<br \/><\/strong>Member of the Chamber Council<\/td>\n<td><strong>President of the Management Board<\/strong><span> <\/span><strong>\u201eFARMER\u201d Sp. z o. o. <\/strong><br \/>ul. Jagielo\u0144czyka 16\/201<br \/>14-200 I\u0142awa<\/td>\n<td>tel. (89) 648-76-92<br \/><a href=\"mailto:biuro@farmer-ilawa.pl\">biuro@farmer-ilawa.pl<\/a><\/td>\n<\/tr>\n<tr>\n<td><strong>Halina Bieli\u0144ska<br \/><\/strong>Member of the Chamber Council<\/td>\n<td><strong>Deputy Director<br \/>Head of HOB-HG, Institute of Animal Production, Experimental Station Ko\u0142uda Wielka<br \/><\/strong>ul. Parkowa 1<br \/>88-160 Janikowo<\/td>\n<td>tel. (52) 351-33-91<br \/><a href=\"mailto:koluda@izoo.krakow.pl\">koluda@izoo.krakow.pl<\/a><\/td>\n<\/tr>\n<tr>\n<td><strong>Tomasz Szulc<\/strong><br \/>Member of the Chamber Council<\/td>\n<td><strong>Member of the Management Board<\/strong><span> <\/span><strong>Drobex sp. z o.o. <\/strong><br \/>Powsta\u0144c\u00f3w 19,<br \/>86-050 Solec Kujawski<\/td>\n<td>tel. (52) 387 61 03<br \/><a href=\"mailto:sekretariat@drobex.com.pl\">SEKRETARIAT@DROBEX.COM.PL<\/a><\/td>\n<\/tr>\n<tr>\n<td><strong>Kamila O\u015bwi\u0119cimska-Rusin<\/strong><br \/>President of the Management Board<\/td>\n<td><strong>Commercial Director Monogastric for CAN at Cargill<\/strong><br \/>02-675 Warszawa, ul. Wo\u0142oska 22<br \/><a href=\"http:\/\/www.cargill.com.pl\/\">www.cargill.com.pl<\/a><\/td>\n<td>tel. +48 22 546 01 00<br \/><a href=\"mailto:warsaw_reception@cargill.com\">warsaw_reception@cargill.com<\/a><\/td>\n<\/tr>\n<tr>\n<td><strong>Krzysztof Borowski<\/strong><br \/>Member of the Chamber Council<\/td>\n<td><strong>SuperDrob S.A.Member of the Management Board of LipcoFoods S.A.<\/strong><br \/><strong style=\"font-size: 16px;\">Member of the Supervisory Board of<\/strong> <strong>Superdrob S.A.<\/strong><br \/>Armii Krajowej 80<br \/>05-480 Karczew<\/td>\n<td>tel. +48 22 77 90 600<br \/><a href=\"mailto:sekretariat@superdrob.pl\">sekretariat@superdrob.pl<\/a><\/td>\n<\/tr>\n<\/tbody>\n<\/table>\n<p>[\/et_pb_text][et_pb_text _builder_version=&#8221;4.27.0&#8243; _module_preset=&#8221;default&#8221; text_font=&#8221;OutfitVariableFont|300|||||||&#8221; text_font_size=&#8221;0.9rem&#8221; global_colors_info=&#8221;{}&#8221;]<\/p>\n<p>15 october 2022 r.<\/p>\n<p>[\/et_pb_text][\/et_pb_column][\/et_pb_row][\/et_pb_section]<\/p>\n","protected":false},"excerpt":{"rendered":"<p>MANAGEMENTManagement Members of National Poultry Council \u2013 Chamber of CommerceDariusz Goszczy\u0144ski \u2013 President of the Management Board National Poultry Council \u2013 Chamber of Commerce Adam Sojka \u2013 Vicepresident of the Management Board Tomasz Szulc \u2013 Vicepresident of the Management BoardCouncil of the National Poultry Council \u2013 Chamber of Commerce&nbsp; Name, surname and function Enterprise Contact details W\u0142adys\u0142aw PiaseckiChairman of the Chamber Council President of the Management Board \u201eBOMADEK\u201d Sp. z o. o.ul. S\u0142oneczna 1666-132 Trzebiech\u00f3w tel. (68) 351-41-29sekretariat@bomadek.pl Marek Zag\u00f3rskiVice Chairman of the Chamber Council Wipasz S.A.Fort Pi\u0142sudskiego 3202-704 Warszawa tel. 887-071-217info@wipasz.pl Piotr KulikowskiVice President of the BoardMember of the Chamber Council President of the Management Board \u201eINDYKPOL\u201d S.A.ul. Jesienna 310-370 Olsztyn tel. (89) 526-22-00sekretariat@indykpol.pl Adam SojkaVice President of the BoardMember of the Chamber Council President of the Management Board of Grupa Drosed \u201cDrosed\u201d S.A.ul. Soko\u0142owka 15408-110 Siedlce tel. (25) 640-00-00sekretariat@drosed.com.pl Krystyna KarkoszkaMember of the Chamber Council President of the Management Board of OVOPOL sp. z o.o. ul. Wojska Polskiego 3967-100 Nowa S\u00f3l tel. (68) 387-32-51ovopol@ovopol.pl \u0141ukasz DominiakMember of the Chamber Council Director of Public and Government RelationsANIMEX Foods Sp. z o.o. sp.k. ul. Cha\u0142ubi\u0144skiego 800-613 Warszawa tel. (22) 334-59-00pr@animex.pl Jacek UrbaniakMember of the Chamber Council IKO Kompania Drobiarska Sp. [&hellip;]<\/p>\n","protected":false},"author":1,"featured_media":10644,"parent":0,"menu_order":0,"comment_status":"closed","ping_status":"closed","template":"","meta":{"_acf_changed":false,"_et_pb_use_builder":"on","_et_pb_old_content":"","_et_gb_content_width":"","inline_featured_image":false,"footnotes":""},"class_list":["post-12372","page","type-page","status-publish","has-post-thumbnail","hentry"],"acf":[],"yoast_head":"<!-- This site is optimized with the Yoast SEO plugin v27.2 - https:\/\/yoast.com\/product\/yoast-seo-wordpress\/ -->\n<title>MANAGEMENT - Krajowa Rada Drobiarstwa - Izba Gospodarcza<\/title>\n<meta name=\"robots\" content=\"index, follow, max-snippet:-1, max-image-preview:large, max-video-preview:-1\" \/>\n<link rel=\"canonical\" href=\"https:\/\/krd-ig.com.pl\/en\/management\/\" \/>\n<meta property=\"og:locale\" content=\"en_US\" \/>\n<meta property=\"og:type\" content=\"article\" \/>\n<meta property=\"og:title\" content=\"MANAGEMENT\" \/>\n<meta property=\"og:description\" content=\"MANAGEMENTManagement Members of National Poultry Council \u2013 Chamber of CommerceDariusz Goszczy\u0144ski \u2013 President of the Management Board National Poultry Council \u2013 Chamber of Commerce Adam Sojka \u2013 Vicepresident of the Management Board Tomasz Szulc \u2013 Vicepresident of the Management BoardCouncil of the National Poultry Council \u2013 Chamber of Commerce&nbsp; Name, surname and function Enterprise Contact details W\u0142adys\u0142aw PiaseckiChairman of the Chamber Council President of the Management Board \u201eBOMADEK\u201d Sp. z o. o.ul. S\u0142oneczna 1666-132 Trzebiech\u00f3w tel. (68) 351-41-29sekretariat@bomadek.pl Marek Zag\u00f3rskiVice Chairman of the Chamber Council Wipasz S.A.Fort Pi\u0142sudskiego 3202-704 Warszawa tel. 887-071-217info@wipasz.pl Piotr KulikowskiVice President of the BoardMember of the Chamber Council President of the Management Board \u201eINDYKPOL\u201d S.A.ul. Jesienna 310-370 Olsztyn tel. (89) 526-22-00sekretariat@indykpol.pl Adam SojkaVice President of the BoardMember of the Chamber Council President of the Management Board of Grupa Drosed \u201cDrosed\u201d S.A.ul. Soko\u0142owka 15408-110 Siedlce tel. (25) 640-00-00sekretariat@drosed.com.pl Krystyna KarkoszkaMember of the Chamber Council President of the Management Board of OVOPOL sp. z o.o. ul. Wojska Polskiego 3967-100 Nowa S\u00f3l tel. (68) 387-32-51ovopol@ovopol.pl \u0141ukasz DominiakMember of the Chamber Council Director of Public and Government RelationsANIMEX Foods Sp. z o.o. sp.k. ul. Cha\u0142ubi\u0144skiego 800-613 Warszawa tel. (22) 334-59-00pr@animex.pl Jacek UrbaniakMember of the Chamber Council IKO Kompania Drobiarska Sp. [&hellip;]\" \/>\n<meta property=\"og:url\" content=\"https:\/\/krd-ig.com.pl\/en\/management\/\" \/>\n<meta property=\"og:site_name\" content=\"Krajowa Rada Drobiarstwa - Izba Gospodarcza\" \/>\n<meta property=\"article:modified_time\" content=\"2026-01-12T14:39:18+00:00\" \/>\n<meta property=\"og:image\" content=\"http:\/\/krd-ig.com.pl\/wp-content\/uploads\/2024\/08\/KRD-IG-OGImage-1024x536.webp\" \/>\n<meta name=\"twitter:card\" content=\"summary_large_image\" \/>\n<meta name=\"twitter:title\" content=\"MANAGEMENT\" \/>\n<meta name=\"twitter:image\" content=\"http:\/\/krd-ig.com.pl\/wp-content\/uploads\/2024\/08\/KRD-IG-OGImage-1024x536.webp\" \/>\n<meta name=\"twitter:site\" content=\"@krd_ig\" \/>\n<meta name=\"twitter:label1\" content=\"Est. reading time\" \/>\n\t<meta name=\"twitter:data1\" content=\"4 minutes\" \/>\n<script type=\"application\/ld+json\" class=\"yoast-schema-graph\">{\"@context\":\"https:\/\/schema.org\",\"@graph\":[{\"@type\":\"WebPage\",\"@id\":\"https:\/\/krd-ig.com.pl\/en\/management\/\",\"url\":\"https:\/\/krd-ig.com.pl\/en\/management\/\",\"name\":\"MANAGEMENT - Krajowa Rada Drobiarstwa - Izba Gospodarcza\",\"isPartOf\":{\"@id\":\"https:\/\/krd-ig.com.pl\/en\/#website\"},\"primaryImageOfPage\":{\"@id\":\"https:\/\/krd-ig.com.pl\/en\/management\/#primaryimage\"},\"image\":{\"@id\":\"https:\/\/krd-ig.com.pl\/en\/management\/#primaryimage\"},\"thumbnailUrl\":\"https:\/\/krd-ig.com.pl\/wp-content\/uploads\/2024\/08\/KRD-IG-OGImage.webp\",\"datePublished\":\"2024-08-16T07:55:09+00:00\",\"dateModified\":\"2026-01-12T14:39:18+00:00\",\"breadcrumb\":{\"@id\":\"https:\/\/krd-ig.com.pl\/en\/management\/#breadcrumb\"},\"inLanguage\":\"en-US\",\"potentialAction\":[{\"@type\":\"ReadAction\",\"target\":[\"https:\/\/krd-ig.com.pl\/en\/management\/\"]}]},{\"@type\":\"ImageObject\",\"inLanguage\":\"en-US\",\"@id\":\"https:\/\/krd-ig.com.pl\/en\/management\/#primaryimage\",\"url\":\"https:\/\/krd-ig.com.pl\/wp-content\/uploads\/2024\/08\/KRD-IG-OGImage.webp\",\"contentUrl\":\"https:\/\/krd-ig.com.pl\/wp-content\/uploads\/2024\/08\/KRD-IG-OGImage.webp\",\"width\":1200,\"height\":628},{\"@type\":\"BreadcrumbList\",\"@id\":\"https:\/\/krd-ig.com.pl\/en\/management\/#breadcrumb\",\"itemListElement\":[{\"@type\":\"ListItem\",\"position\":1,\"name\":\"Strona g\u0142\u00f3wna\",\"item\":\"https:\/\/krd-ig.com.pl\/en\/\"},{\"@type\":\"ListItem\",\"position\":2,\"name\":\"MANAGEMENT\"}]},{\"@type\":\"WebSite\",\"@id\":\"https:\/\/krd-ig.com.pl\/en\/#website\",\"url\":\"https:\/\/krd-ig.com.pl\/en\/\",\"name\":\"KRD-IG\",\"description\":\"Jeste\u015bmy partnerem  i g\u0142osem polskiego  sektora drobiarskiego\",\"publisher\":{\"@id\":\"https:\/\/krd-ig.com.pl\/en\/#organization\"},\"potentialAction\":[{\"@type\":\"SearchAction\",\"target\":{\"@type\":\"EntryPoint\",\"urlTemplate\":\"https:\/\/krd-ig.com.pl\/en\/?s={search_term_string}\"},\"query-input\":{\"@type\":\"PropertyValueSpecification\",\"valueRequired\":true,\"valueName\":\"search_term_string\"}}],\"inLanguage\":\"en-US\"},{\"@type\":\"Organization\",\"@id\":\"https:\/\/krd-ig.com.pl\/en\/#organization\",\"name\":\"KRD-IG\",\"url\":\"https:\/\/krd-ig.com.pl\/en\/\",\"logo\":{\"@type\":\"ImageObject\",\"inLanguage\":\"en-US\",\"@id\":\"https:\/\/krd-ig.com.pl\/en\/#\/schema\/logo\/image\/\",\"url\":\"https:\/\/krd-ig.com.pl\/wp-content\/uploads\/2024\/08\/KRDIG_Logo.svg\",\"contentUrl\":\"https:\/\/krd-ig.com.pl\/wp-content\/uploads\/2024\/08\/KRDIG_Logo.svg\",\"width\":748,\"height\":227,\"caption\":\"KRD-IG\"},\"image\":{\"@id\":\"https:\/\/krd-ig.com.pl\/en\/#\/schema\/logo\/image\/\"},\"sameAs\":[\"https:\/\/x.com\/krd_ig\",\"https:\/\/www.linkedin.com\/company\/krajowa-rada-drobiarstwa-izba-gospodarcza\/\"]}]}<\/script>\n<!-- \/ Yoast SEO plugin. -->","yoast_head_json":{"title":"MANAGEMENT - Krajowa Rada Drobiarstwa - Izba Gospodarcza","robots":{"index":"index","follow":"follow","max-snippet":"max-snippet:-1","max-image-preview":"max-image-preview:large","max-video-preview":"max-video-preview:-1"},"canonical":"https:\/\/krd-ig.com.pl\/en\/management\/","og_locale":"en_US","og_type":"article","og_title":"MANAGEMENT","og_description":"MANAGEMENTManagement Members of National Poultry Council \u2013 Chamber of CommerceDariusz Goszczy\u0144ski \u2013 President of the Management Board National Poultry Council \u2013 Chamber of Commerce Adam Sojka \u2013 Vicepresident of the Management Board Tomasz Szulc \u2013 Vicepresident of the Management BoardCouncil of the National Poultry Council \u2013 Chamber of Commerce&nbsp; Name, surname and function Enterprise Contact details W\u0142adys\u0142aw PiaseckiChairman of the Chamber Council President of the Management Board \u201eBOMADEK\u201d Sp. z o. o.ul. S\u0142oneczna 1666-132 Trzebiech\u00f3w tel. (68) 351-41-29sekretariat@bomadek.pl Marek Zag\u00f3rskiVice Chairman of the Chamber Council Wipasz S.A.Fort Pi\u0142sudskiego 3202-704 Warszawa tel. 887-071-217info@wipasz.pl Piotr KulikowskiVice President of the BoardMember of the Chamber Council President of the Management Board \u201eINDYKPOL\u201d S.A.ul. Jesienna 310-370 Olsztyn tel. (89) 526-22-00sekretariat@indykpol.pl Adam SojkaVice President of the BoardMember of the Chamber Council President of the Management Board of Grupa Drosed \u201cDrosed\u201d S.A.ul. Soko\u0142owka 15408-110 Siedlce tel. (25) 640-00-00sekretariat@drosed.com.pl Krystyna KarkoszkaMember of the Chamber Council President of the Management Board of OVOPOL sp. z o.o. ul. Wojska Polskiego 3967-100 Nowa S\u00f3l tel. (68) 387-32-51ovopol@ovopol.pl \u0141ukasz DominiakMember of the Chamber Council Director of Public and Government RelationsANIMEX Foods Sp. z o.o. sp.k. ul. Cha\u0142ubi\u0144skiego 800-613 Warszawa tel. (22) 334-59-00pr@animex.pl Jacek UrbaniakMember of the Chamber Council IKO Kompania Drobiarska Sp. [&hellip;]","og_url":"https:\/\/krd-ig.com.pl\/en\/management\/","og_site_name":"Krajowa Rada Drobiarstwa - Izba Gospodarcza","article_modified_time":"2026-01-12T14:39:18+00:00","og_image":[{"url":"http:\/\/krd-ig.com.pl\/wp-content\/uploads\/2024\/08\/KRD-IG-OGImage-1024x536.webp","type":"","width":"","height":""}],"twitter_card":"summary_large_image","twitter_title":"MANAGEMENT","twitter_image":"http:\/\/krd-ig.com.pl\/wp-content\/uploads\/2024\/08\/KRD-IG-OGImage-1024x536.webp","twitter_site":"@krd_ig","twitter_misc":{"Est. reading time":"4 minutes"},"schema":{"@context":"https:\/\/schema.org","@graph":[{"@type":"WebPage","@id":"https:\/\/krd-ig.com.pl\/en\/management\/","url":"https:\/\/krd-ig.com.pl\/en\/management\/","name":"MANAGEMENT - Krajowa Rada Drobiarstwa - Izba Gospodarcza","isPartOf":{"@id":"https:\/\/krd-ig.com.pl\/en\/#website"},"primaryImageOfPage":{"@id":"https:\/\/krd-ig.com.pl\/en\/management\/#primaryimage"},"image":{"@id":"https:\/\/krd-ig.com.pl\/en\/management\/#primaryimage"},"thumbnailUrl":"https:\/\/krd-ig.com.pl\/wp-content\/uploads\/2024\/08\/KRD-IG-OGImage.webp","datePublished":"2024-08-16T07:55:09+00:00","dateModified":"2026-01-12T14:39:18+00:00","breadcrumb":{"@id":"https:\/\/krd-ig.com.pl\/en\/management\/#breadcrumb"},"inLanguage":"en-US","potentialAction":[{"@type":"ReadAction","target":["https:\/\/krd-ig.com.pl\/en\/management\/"]}]},{"@type":"ImageObject","inLanguage":"en-US","@id":"https:\/\/krd-ig.com.pl\/en\/management\/#primaryimage","url":"https:\/\/krd-ig.com.pl\/wp-content\/uploads\/2024\/08\/KRD-IG-OGImage.webp","contentUrl":"https:\/\/krd-ig.com.pl\/wp-content\/uploads\/2024\/08\/KRD-IG-OGImage.webp","width":1200,"height":628},{"@type":"BreadcrumbList","@id":"https:\/\/krd-ig.com.pl\/en\/management\/#breadcrumb","itemListElement":[{"@type":"ListItem","position":1,"name":"Strona g\u0142\u00f3wna","item":"https:\/\/krd-ig.com.pl\/en\/"},{"@type":"ListItem","position":2,"name":"MANAGEMENT"}]},{"@type":"WebSite","@id":"https:\/\/krd-ig.com.pl\/en\/#website","url":"https:\/\/krd-ig.com.pl\/en\/","name":"KRD-IG","description":"Jeste\u015bmy partnerem  i g\u0142osem polskiego  sektora drobiarskiego","publisher":{"@id":"https:\/\/krd-ig.com.pl\/en\/#organization"},"potentialAction":[{"@type":"SearchAction","target":{"@type":"EntryPoint","urlTemplate":"https:\/\/krd-ig.com.pl\/en\/?s={search_term_string}"},"query-input":{"@type":"PropertyValueSpecification","valueRequired":true,"valueName":"search_term_string"}}],"inLanguage":"en-US"},{"@type":"Organization","@id":"https:\/\/krd-ig.com.pl\/en\/#organization","name":"KRD-IG","url":"https:\/\/krd-ig.com.pl\/en\/","logo":{"@type":"ImageObject","inLanguage":"en-US","@id":"https:\/\/krd-ig.com.pl\/en\/#\/schema\/logo\/image\/","url":"https:\/\/krd-ig.com.pl\/wp-content\/uploads\/2024\/08\/KRDIG_Logo.svg","contentUrl":"https:\/\/krd-ig.com.pl\/wp-content\/uploads\/2024\/08\/KRDIG_Logo.svg","width":748,"height":227,"caption":"KRD-IG"},"image":{"@id":"https:\/\/krd-ig.com.pl\/en\/#\/schema\/logo\/image\/"},"sameAs":["https:\/\/x.com\/krd_ig","https:\/\/www.linkedin.com\/company\/krajowa-rada-drobiarstwa-izba-gospodarcza\/"]}]}},"_links":{"self":[{"href":"https:\/\/krd-ig.com.pl\/en\/wp-json\/wp\/v2\/pages\/12372","targetHints":{"allow":["GET"]}}],"collection":[{"href":"https:\/\/krd-ig.com.pl\/en\/wp-json\/wp\/v2\/pages"}],"about":[{"href":"https:\/\/krd-ig.com.pl\/en\/wp-json\/wp\/v2\/types\/page"}],"author":[{"embeddable":true,"href":"https:\/\/krd-ig.com.pl\/en\/wp-json\/wp\/v2\/users\/1"}],"replies":[{"embeddable":true,"href":"https:\/\/krd-ig.com.pl\/en\/wp-json\/wp\/v2\/comments?post=12372"}],"version-history":[{"count":5,"href":"https:\/\/krd-ig.com.pl\/en\/wp-json\/wp\/v2\/pages\/12372\/revisions"}],"predecessor-version":[{"id":13883,"href":"https:\/\/krd-ig.com.pl\/en\/wp-json\/wp\/v2\/pages\/12372\/revisions\/13883"}],"wp:featuredmedia":[{"embeddable":true,"href":"https:\/\/krd-ig.com.pl\/en\/wp-json\/wp\/v2\/media\/10644"}],"wp:attachment":[{"href":"https:\/\/krd-ig.com.pl\/en\/wp-json\/wp\/v2\/media?parent=12372"}],"curies":[{"name":"wp","href":"https:\/\/api.w.org\/{rel}","templated":true}]}}